{"id":2,"date":"2019-03-27T00:17:25","date_gmt":"2019-03-27T00:17:25","guid":{"rendered":"https:\/\/pilarzuritacl.wordpress.com\/?page_id=2"},"modified":"2025-02-17T15:53:18","modified_gmt":"2025-02-17T15:53:18","slug":"acerca-de","status":"publish","type":"page","link":"https:\/\/pilarzurita.cl\/?page_id=2","title":{"rendered":"\u00bfQui\u00e9n soy?"},"content":{"rendered":"\n<figure class=\"wp-block-gallery aligncenter has-nested-images columns-default is-cropped wp-block-gallery-1 is-layout-flex wp-block-gallery-is-layout-flex\">\n<figure class=\"wp-block-image size-large\"><img loading=\"lazy\" decoding=\"async\" width=\"854\" height=\"1280\" data-id=\"1271\" src=\"https:\/\/pilarzurita.cl\/wp-content\/uploads\/2020\/02\/a0775-d92532_5a3ef8e7388540fba8c6fb8c1870235amv2.jpg?w=683\" alt=\"\" class=\"wp-image-1271\" srcset=\"https:\/\/pilarzurita.cl\/wp-content\/uploads\/2020\/02\/a0775-d92532_5a3ef8e7388540fba8c6fb8c1870235amv2.jpg 854w, https:\/\/pilarzurita.cl\/wp-content\/uploads\/2020\/02\/a0775-d92532_5a3ef8e7388540fba8c6fb8c1870235amv2-200x300.jpg 200w, https:\/\/pilarzurita.cl\/wp-content\/uploads\/2020\/02\/a0775-d92532_5a3ef8e7388540fba8c6fb8c1870235amv2-683x1024.jpg 683w, https:\/\/pilarzurita.cl\/wp-content\/uploads\/2020\/02\/a0775-d92532_5a3ef8e7388540fba8c6fb8c1870235amv2-768x1151.jpg 768w\" sizes=\"auto, (max-width: 854px) 100vw, 854px\" \/><\/figure>\n<\/figure>\n\n\n\n<div style=\"height:36px\" aria-hidden=\"true\" class=\"wp-block-spacer\"><\/div>\n\n\n\n<p class=\"has-text-align-center\"><strong>Psic\u00f3loga<\/strong>\u00a0de la Universidad Diego Portales. Cuento con un Post\u00edtulo en Psicodiagn\u00f3stico Proyectivo en Rorschach y TRO<br>para adolescentes y adultos (UDP) y estoy Diplomada en Intervenci\u00f3n Psicosocial de Desastres (USACH).<br><br>Adem\u00e1s, estoy entrenada en Terapias de Avanzada\u00a0 para el <strong>trabajo de trauma<\/strong>. Cuento con experiencia laboral en el \u00e1mbito social y empresarial, habiendo sido Co-Fundadora de la ONG Psic\u00f3logos Voluntarios de Chile y de la Consultora Alma F\u00e9nix Asesoras SPA.<br><br>En los \u00faltimos a\u00f1os, me he desempe\u00f1ado como <strong>asesora y consultora en materia de bienestar organizacional<\/strong>; como parte del equipo de estandarizaci\u00f3n de modelo para ense\u00f1ar protocolo de <strong>Primeros Auxilios Psicol\u00f3gicos<\/strong> con el modelo ABCDE de la Universidad Cat\u00f3lica as\u00ed como entrenadora de Proveedores de PAP ABCDE,<br><br>y como <strong>Terapeuta\u00a0 de adultos.<\/strong><\/p>\n\n\n\n<p>&nbsp;<\/p>\n\n\n\n<p class=\"has-text-align-center\"><strong>El <em>Bienestar Humano<\/em> en los distintos contextos es mi motivaci\u00f3n movilizadora.<\/strong><\/p>\n\n\n\n<p><\/p>\n","protected":false},"excerpt":{"rendered":"<p>Psic\u00f3loga\u00a0de la Universidad Diego Portales. Cuento con un Post\u00edtulo en Psicodiagn\u00f3stico Proyectivo en Rorschach y TROpara adolescentes y adultos (UDP) y estoy Diplomada en Intervenci\u00f3n Psicosocial de Desastres (USACH). Adem\u00e1s, estoy entrenada en Terapias de Avanzada\u00a0 para el trabajo de trauma. Cuento con experiencia laboral en el \u00e1mbito social y empresarial, habiendo sido Co-Fundadora de [&hellip;]<\/p>\n","protected":false},"author":1,"featured_media":0,"parent":0,"menu_order":1,"comment_status":"closed","ping_status":"closed","template":"","meta":{"footnotes":""},"class_list":["post-2","page","type-page","status-publish","hentry"],"yoast_head":"<!-- This site is optimized with the Yoast SEO plugin v14.0.4 - https:\/\/yoast.com\/wordpress\/plugins\/seo\/ -->\n<title>\u00bfQui\u00e9n soy? - Pilar Zurita<\/title>\n<meta name=\"robots\" content=\"index, follow\" \/>\n<meta name=\"googlebot\" content=\"index, follow, max-snippet:-1, max-image-preview:large, max-video-preview:-1\" \/>\n<meta name=\"bingbot\" content=\"index, follow, max-snippet:-1, max-image-preview:large, max-video-preview:-1\" \/>\n<link rel=\"canonical\" href=\"https:\/\/pilarzurita.cl\/?page_id=2\" \/>\n<meta property=\"og:locale\" content=\"es_ES\" \/>\n<meta property=\"og:type\" content=\"article\" \/>\n<meta property=\"og:title\" content=\"\u00bfQui\u00e9n soy? - Pilar Zurita\" \/>\n<meta property=\"og:description\" content=\"Psic\u00f3loga\u00a0de la Universidad Diego Portales. Cuento con un Post\u00edtulo en Psicodiagn\u00f3stico Proyectivo en Rorschach y TROpara adolescentes y adultos (UDP) y estoy Diplomada en Intervenci\u00f3n Psicosocial de Desastres (USACH). Adem\u00e1s, estoy entrenada en Terapias de Avanzada\u00a0 para el trabajo de trauma. Cuento con experiencia laboral en el \u00e1mbito social y empresarial, habiendo sido Co-Fundadora de [&hellip;]\" \/>\n<meta property=\"og:url\" content=\"https:\/\/pilarzurita.cl\/?page_id=2\" \/>\n<meta property=\"og:site_name\" content=\"Pilar Zurita\" \/>\n<meta property=\"article:modified_time\" content=\"2025-02-17T15:53:18+00:00\" \/>\n<meta property=\"og:image\" content=\"https:\/\/pilarzurita.cl\/wp-content\/uploads\/2020\/02\/a0775-d92532_5a3ef8e7388540fba8c6fb8c1870235amv2.jpg?w=683\" \/>\n<meta name=\"twitter:card\" content=\"summary_large_image\" \/>\n<script type=\"application\/ld+json\" class=\"yoast-schema-graph\">{\"@context\":\"https:\/\/schema.org\",\"@graph\":[{\"@type\":\"WebSite\",\"@id\":\"https:\/\/pilarzurita.cl\/#website\",\"url\":\"https:\/\/pilarzurita.cl\/\",\"name\":\"Pilar Zurita\",\"description\":\"Asesor\\u00eda y Consultor\\u00eda en Bienestar\",\"potentialAction\":[{\"@type\":\"SearchAction\",\"target\":\"https:\/\/pilarzurita.cl\/?s={search_term_string}\",\"query-input\":\"required name=search_term_string\"}],\"inLanguage\":\"es\"},{\"@type\":\"ImageObject\",\"@id\":\"https:\/\/pilarzurita.cl\/?page_id=2#primaryimage\",\"inLanguage\":\"es\",\"url\":\"https:\/\/pilarzurita.cl\/wp-content\/uploads\/2020\/02\/a0775-d92532_5a3ef8e7388540fba8c6fb8c1870235amv2.jpg?w=683\"},{\"@type\":\"WebPage\",\"@id\":\"https:\/\/pilarzurita.cl\/?page_id=2#webpage\",\"url\":\"https:\/\/pilarzurita.cl\/?page_id=2\",\"name\":\"\\u00bfQui\\u00e9n soy? - Pilar Zurita\",\"isPartOf\":{\"@id\":\"https:\/\/pilarzurita.cl\/#website\"},\"primaryImageOfPage\":{\"@id\":\"https:\/\/pilarzurita.cl\/?page_id=2#primaryimage\"},\"datePublished\":\"2019-03-27T00:17:25+00:00\",\"dateModified\":\"2025-02-17T15:53:18+00:00\",\"inLanguage\":\"es\",\"potentialAction\":[{\"@type\":\"ReadAction\",\"target\":[\"https:\/\/pilarzurita.cl\/?page_id=2\"]}]}]}<\/script>\n<!-- \/ Yoast SEO plugin. -->","_links":{"self":[{"href":"https:\/\/pilarzurita.cl\/index.php?rest_route=\/wp\/v2\/pages\/2","targetHints":{"allow":["GET"]}}],"collection":[{"href":"https:\/\/pilarzurita.cl\/index.php?rest_route=\/wp\/v2\/pages"}],"about":[{"href":"https:\/\/pilarzurita.cl\/index.php?rest_route=\/wp\/v2\/types\/page"}],"author":[{"embeddable":true,"href":"https:\/\/pilarzurita.cl\/index.php?rest_route=\/wp\/v2\/users\/1"}],"replies":[{"embeddable":true,"href":"https:\/\/pilarzurita.cl\/index.php?rest_route=%2Fwp%2Fv2%2Fcomments&post=2"}],"version-history":[{"count":1,"href":"https:\/\/pilarzurita.cl\/index.php?rest_route=\/wp\/v2\/pages\/2\/revisions"}],"predecessor-version":[{"id":2676,"href":"https:\/\/pilarzurita.cl\/index.php?rest_route=\/wp\/v2\/pages\/2\/revisions\/2676"}],"wp:attachment":[{"href":"https:\/\/pilarzurita.cl\/index.php?rest_route=%2Fwp%2Fv2%2Fmedia&parent=2"}],"curies":[{"name":"wp","href":"https:\/\/api.w.org\/{rel}","templated":true}]}}