{"id":2402,"date":"2025-01-15T19:32:22","date_gmt":"2025-01-15T19:32:22","guid":{"rendered":"https:\/\/pilarzuritacl.wordpress.com\/?page_id=2402"},"modified":"2026-02-23T18:31:50","modified_gmt":"2026-02-23T18:31:50","slug":"charlas","status":"publish","type":"page","link":"https:\/\/pilarzurita.cl\/?page_id=2402","title":{"rendered":"Charlas"},"content":{"rendered":"\n<p><strong>2025<br>SEMINARIO UNIVERSIDAD CONTINENTAL DE PER\u00da<\/strong><br>Autocuidado y Prevenci\u00f3n del Desgaste Emocional en intervinientes en contextos de emergencia psicol\u00f3gica<\/p>\n\n\n\n<p><strong>2024 <br> INACAP<\/strong> <strong>SEDE APOQUINDO<\/strong><br> Charla Contenci\u00f3n emocional ante situaciones de crisis para docentes<\/p>\n\n\n\n<figure class=\"wp-block-image size-large\"><img loading=\"lazy\" decoding=\"async\" width=\"2048\" height=\"1535\" src=\"https:\/\/pilarzurita.cl\/wp-content\/uploads\/2025\/01\/charla-inacap.jpeg?w=1024\" alt=\"\" class=\"wp-image-2461\" srcset=\"https:\/\/pilarzurita.cl\/wp-content\/uploads\/2025\/01\/charla-inacap.jpeg 2048w, https:\/\/pilarzurita.cl\/wp-content\/uploads\/2025\/01\/charla-inacap-300x225.jpeg 300w, https:\/\/pilarzurita.cl\/wp-content\/uploads\/2025\/01\/charla-inacap-1024x768.jpeg 1024w, https:\/\/pilarzurita.cl\/wp-content\/uploads\/2025\/01\/charla-inacap-768x576.jpeg 768w, https:\/\/pilarzurita.cl\/wp-content\/uploads\/2025\/01\/charla-inacap-1536x1151.jpeg 1536w\" sizes=\"auto, (max-width: 2048px) 100vw, 2048px\" \/><\/figure>\n\n\n\n<div class=\"wp-block-group is-nowrap is-layout-flex wp-container-core-group-is-layout-1 wp-block-group-is-layout-flex\">\n<p><br><\/p>\n\n\n\n<p><strong>INACAP<\/strong> <strong>NACIONAL<\/strong><br>Charla inaugural D\u00eda del Bienestar:<br>&#8220;<em>Dale cara a la ansiedad y el estr\u00e9s<\/em>&#8221; orientado a estudiantes<\/p>\n<\/div>\n\n\n\n<figure class=\"wp-block-gallery has-nested-images columns-default is-cropped wp-block-gallery-1 is-layout-flex wp-block-gallery-is-layout-flex\">\n<figure class=\"wp-block-image size-large\"><img loading=\"lazy\" decoding=\"async\" width=\"750\" height=\"632\" data-id=\"2405\" src=\"https:\/\/pilarzurita.cl\/wp-content\/uploads\/2025\/01\/img_7927.jpg?w=750\" alt=\"\" class=\"wp-image-2405\" srcset=\"https:\/\/pilarzurita.cl\/wp-content\/uploads\/2025\/01\/img_7927.jpg 750w, https:\/\/pilarzurita.cl\/wp-content\/uploads\/2025\/01\/img_7927-300x253.jpg 300w\" sizes=\"auto, (max-width: 750px) 100vw, 750px\" \/><\/figure>\n<\/figure>\n\n\n\n<p><strong>2023<\/strong><br><strong>UNIVERSIDAD SANTO TOM\u00c1S<\/strong><br>Primeros Auxilios Psicol\u00f3gicos orientado a docentes, estudiantes y socios comunitarios<\/p>\n\n\n\n<div class=\"wp-block-columns is-layout-flex wp-container-core-columns-is-layout-2 wp-block-columns-is-layout-flex\">\n<div class=\"wp-block-column is-layout-flow wp-block-column-is-layout-flow\" style=\"flex-basis:50%\">\n<div class=\"wp-block-columns is-layout-flex wp-container-core-columns-is-layout-1 wp-block-columns-is-layout-flex\">\n<div class=\"wp-block-column is-layout-flow wp-block-column-is-layout-flow\" style=\"flex-basis:100%\">\n<figure class=\"wp-block-gallery has-nested-images columns-default is-cropped wp-block-gallery-2 is-layout-flex wp-block-gallery-is-layout-flex\">\n<figure class=\"wp-block-image size-large\"><img decoding=\"async\" src=\"https:\/\/pilarzurita.cl\/wp-content\/uploads\/2025\/01\/img_4690.jpg?w=1024\" alt=\"\" class=\"wp-image-2459\"\/><\/figure>\n<\/figure>\n<\/div>\n<\/div>\n<\/div>\n\n\n\n<div class=\"wp-block-column is-layout-flow wp-block-column-is-layout-flow\" style=\"flex-basis:50%\">\n<figure class=\"wp-block-image size-full is-resized\"><img loading=\"lazy\" decoding=\"async\" width=\"960\" height=\"1280\" src=\"https:\/\/pilarzurita.cl\/wp-content\/uploads\/2025\/01\/9c3c3593-363d-4381-b97d-f5a81fdd9ea1.jpg\" alt=\"\" class=\"wp-image-2458\" style=\"width:325px;height:auto\" srcset=\"https:\/\/pilarzurita.cl\/wp-content\/uploads\/2025\/01\/9c3c3593-363d-4381-b97d-f5a81fdd9ea1.jpg 960w, https:\/\/pilarzurita.cl\/wp-content\/uploads\/2025\/01\/9c3c3593-363d-4381-b97d-f5a81fdd9ea1-225x300.jpg 225w, https:\/\/pilarzurita.cl\/wp-content\/uploads\/2025\/01\/9c3c3593-363d-4381-b97d-f5a81fdd9ea1-768x1024.jpg 768w\" sizes=\"auto, (max-width: 960px) 100vw, 960px\" \/><\/figure>\n<\/div>\n<\/div>\n\n\n\n<p><strong>2022<\/strong><\/p>\n\n\n\n<p><strong>UNIVERSIDAD ANDR\u00c9S BELLO<\/strong><br>Charla Magistral: Apoyo psicol\u00f3gico en contexto de crisis<\/p>\n\n\n\n<p><strong>2018<\/strong><br>&#8220;Primeros Auxilios Psicol\u00f3gicos en Servicios de Urgencias&#8221;, Seminario de Enfermer\u00eda en Urgencias, Escuela de Enfermer\u00eda de la Pontificia Universidad Cat\u00f3lica de Chile<\/p>\n\n\n\n<p><strong>2015<\/strong><\/p>\n\n\n\n<p><strong>SEMINARIO GRUPO CETEP<\/strong><br>&#8220;Del Estr\u00e9s laboral al bienestar en el trabajo: un camino por recorrer\u201d Grupo de Salud Sustentable. <em>Trabajo Feliz: \u00bfSi no es ahora, entonces cu\u00e1ndo? Impulsando el compromiso y motivaci\u00f3n de los colaboradores desde una cultura organizacional centrada en el BIENESTAR.<\/em><\/p>\n\n\n\n<figure class=\"wp-block-image size-large\"><img loading=\"lazy\" decoding=\"async\" width=\"900\" height=\"601\" src=\"https:\/\/pilarzurita.cl\/wp-content\/uploads\/2020\/02\/c5cf2-d92532_c2bcc73188594a799fb00ac6530af2c4mv2.jpg?w=750\" alt=\"\" class=\"wp-image-1421\" srcset=\"https:\/\/pilarzurita.cl\/wp-content\/uploads\/2020\/02\/c5cf2-d92532_c2bcc73188594a799fb00ac6530af2c4mv2.jpg 900w, https:\/\/pilarzurita.cl\/wp-content\/uploads\/2020\/02\/c5cf2-d92532_c2bcc73188594a799fb00ac6530af2c4mv2-300x200.jpg 300w, https:\/\/pilarzurita.cl\/wp-content\/uploads\/2020\/02\/c5cf2-d92532_c2bcc73188594a799fb00ac6530af2c4mv2-768x513.jpg 768w\" sizes=\"auto, (max-width: 900px) 100vw, 900px\" \/><\/figure>\n\n\n\n<p><strong>2014<\/strong><\/p>\n\n\n\n<p><strong>Centro Conjunto para Operaciones de Paz de Chile<\/strong><br>Intervenci\u00f3n psicol\u00f3gica en contextos de emergencia. Presentaci\u00f3n de modelo y experiencia ONG Psic\u00f3logos Voluntarios de Chile.<\/p>\n\n\n\n<p><strong>2013<\/strong><\/p>\n\n\n\n<p><strong>PROCOMER Costa RICA, CADEXCO COSTA RICA y ONG PSIC\u00d3LOGOS VOLUNTARIOS DE CHILE<\/strong><br>Seminario: &#8220;Encuentro para una Generaci\u00f3n Futura, Feliz y Saludable\u201d <\/p>\n\n\n<div class=\"wp-block-image\">\n<figure class=\"aligncenter size-full\"><img loading=\"lazy\" decoding=\"async\" width=\"361\" height=\"573\" src=\"https:\/\/pilarzurita.cl\/wp-content\/uploads\/2020\/02\/3aead-d92532_5a8ad493d9de43528fd0bfb6c4600924mv2.jpg\" alt=\"\" class=\"wp-image-1411\" srcset=\"https:\/\/pilarzurita.cl\/wp-content\/uploads\/2020\/02\/3aead-d92532_5a8ad493d9de43528fd0bfb6c4600924mv2.jpg 361w, https:\/\/pilarzurita.cl\/wp-content\/uploads\/2020\/02\/3aead-d92532_5a8ad493d9de43528fd0bfb6c4600924mv2-189x300.jpg 189w\" sizes=\"auto, (max-width: 361px) 100vw, 361px\" \/><\/figure><\/div>","protected":false},"excerpt":{"rendered":"<p>2025SEMINARIO UNIVERSIDAD CONTINENTAL DE PER\u00daAutocuidado y Prevenci\u00f3n del Desgaste Emocional en intervinientes en contextos de emergencia psicol\u00f3gica 2024 INACAP SEDE APOQUINDO Charla Contenci\u00f3n emocional ante situaciones de crisis para docentes INACAP NACIONALCharla inaugural D\u00eda del Bienestar:&#8220;Dale cara a la ansiedad y el estr\u00e9s&#8221; orientado a estudiantes 2023UNIVERSIDAD SANTO TOM\u00c1SPrimeros Auxilios Psicol\u00f3gicos orientado a docentes, estudiantes [&hellip;]<\/p>\n","protected":false},"author":1,"featured_media":0,"parent":0,"menu_order":0,"comment_status":"closed","ping_status":"closed","template":"","meta":{"footnotes":""},"class_list":["post-2402","page","type-page","status-publish","hentry"],"yoast_head":"<!-- This site is optimized with the Yoast SEO plugin v14.0.4 - https:\/\/yoast.com\/wordpress\/plugins\/seo\/ -->\n<title>Charlas - Pilar Zurita<\/title>\n<meta name=\"robots\" content=\"index, follow\" \/>\n<meta name=\"googlebot\" content=\"index, follow, max-snippet:-1, max-image-preview:large, max-video-preview:-1\" \/>\n<meta name=\"bingbot\" content=\"index, follow, max-snippet:-1, max-image-preview:large, max-video-preview:-1\" \/>\n<link rel=\"canonical\" href=\"https:\/\/pilarzurita.cl\/?page_id=2402\" \/>\n<meta property=\"og:locale\" content=\"es_ES\" \/>\n<meta property=\"og:type\" content=\"article\" \/>\n<meta property=\"og:title\" content=\"Charlas - Pilar Zurita\" \/>\n<meta property=\"og:description\" content=\"2025SEMINARIO UNIVERSIDAD CONTINENTAL DE PER\u00daAutocuidado y Prevenci\u00f3n del Desgaste Emocional en intervinientes en contextos de emergencia psicol\u00f3gica 2024 INACAP SEDE APOQUINDO Charla Contenci\u00f3n emocional ante situaciones de crisis para docentes INACAP NACIONALCharla inaugural D\u00eda del Bienestar:&#8220;Dale cara a la ansiedad y el estr\u00e9s&#8221; orientado a estudiantes 2023UNIVERSIDAD SANTO TOM\u00c1SPrimeros Auxilios Psicol\u00f3gicos orientado a docentes, estudiantes [&hellip;]\" \/>\n<meta property=\"og:url\" content=\"https:\/\/pilarzurita.cl\/?page_id=2402\" \/>\n<meta property=\"og:site_name\" content=\"Pilar Zurita\" \/>\n<meta property=\"article:modified_time\" content=\"2026-02-23T18:31:50+00:00\" \/>\n<meta property=\"og:image\" content=\"https:\/\/pilarzurita.cl\/wp-content\/uploads\/2025\/01\/charla-inacap.jpeg?w=1024\" \/>\n<meta name=\"twitter:card\" content=\"summary_large_image\" \/>\n<script type=\"application\/ld+json\" class=\"yoast-schema-graph\">{\"@context\":\"https:\/\/schema.org\",\"@graph\":[{\"@type\":\"WebSite\",\"@id\":\"https:\/\/pilarzurita.cl\/#website\",\"url\":\"https:\/\/pilarzurita.cl\/\",\"name\":\"Pilar Zurita\",\"description\":\"Asesor\\u00eda y Consultor\\u00eda en Bienestar\",\"potentialAction\":[{\"@type\":\"SearchAction\",\"target\":\"https:\/\/pilarzurita.cl\/?s={search_term_string}\",\"query-input\":\"required name=search_term_string\"}],\"inLanguage\":\"es\"},{\"@type\":\"ImageObject\",\"@id\":\"https:\/\/pilarzurita.cl\/?page_id=2402#primaryimage\",\"inLanguage\":\"es\",\"url\":\"https:\/\/pilarzurita.cl\/wp-content\/uploads\/2025\/01\/charla-inacap.jpeg?w=1024\"},{\"@type\":\"WebPage\",\"@id\":\"https:\/\/pilarzurita.cl\/?page_id=2402#webpage\",\"url\":\"https:\/\/pilarzurita.cl\/?page_id=2402\",\"name\":\"Charlas - Pilar Zurita\",\"isPartOf\":{\"@id\":\"https:\/\/pilarzurita.cl\/#website\"},\"primaryImageOfPage\":{\"@id\":\"https:\/\/pilarzurita.cl\/?page_id=2402#primaryimage\"},\"datePublished\":\"2025-01-15T19:32:22+00:00\",\"dateModified\":\"2026-02-23T18:31:50+00:00\",\"inLanguage\":\"es\",\"potentialAction\":[{\"@type\":\"ReadAction\",\"target\":[\"https:\/\/pilarzurita.cl\/?page_id=2402\"]}]}]}<\/script>\n<!-- \/ Yoast SEO plugin. -->","_links":{"self":[{"href":"https:\/\/pilarzurita.cl\/index.php?rest_route=\/wp\/v2\/pages\/2402","targetHints":{"allow":["GET"]}}],"collection":[{"href":"https:\/\/pilarzurita.cl\/index.php?rest_route=\/wp\/v2\/pages"}],"about":[{"href":"https:\/\/pilarzurita.cl\/index.php?rest_route=\/wp\/v2\/types\/page"}],"author":[{"embeddable":true,"href":"https:\/\/pilarzurita.cl\/index.php?rest_route=\/wp\/v2\/users\/1"}],"replies":[{"embeddable":true,"href":"https:\/\/pilarzurita.cl\/index.php?rest_route=%2Fwp%2Fv2%2Fcomments&post=2402"}],"version-history":[{"count":3,"href":"https:\/\/pilarzurita.cl\/index.php?rest_route=\/wp\/v2\/pages\/2402\/revisions"}],"predecessor-version":[{"id":2806,"href":"https:\/\/pilarzurita.cl\/index.php?rest_route=\/wp\/v2\/pages\/2402\/revisions\/2806"}],"wp:attachment":[{"href":"https:\/\/pilarzurita.cl\/index.php?rest_route=%2Fwp%2Fv2%2Fmedia&parent=2402"}],"curies":[{"name":"wp","href":"https:\/\/api.w.org\/{rel}","templated":true}]}}