{"id":951,"date":"2020-02-29T14:51:16","date_gmt":"2020-02-29T14:51:16","guid":{"rendered":"https:\/\/www.pilarzurita.cl\/consultoria-organizacional"},"modified":"2026-02-23T18:29:14","modified_gmt":"2026-02-23T18:29:14","slug":"consultoria-organizacional","status":"publish","type":"page","link":"https:\/\/pilarzurita.cl\/?page_id=951","title":{"rendered":"Consultor\u00eda Organizacional"},"content":{"rendered":"\n<figure class=\"wp-block-image size-large\"><img decoding=\"async\" src=\"https:\/\/pilarzurita.cl\/wp-content\/uploads\/2025\/01\/beme-2025-casa-matriz.jpg?w=750\" alt=\"\" class=\"wp-image-2538\"\/><\/figure>\n\n\n\n<h3 class=\"wp-block-heading\"><strong>2025<\/strong><\/h3>\n\n\n\n<p><strong>INACAP SANTIAGO SUR<\/strong><br>Contenci\u00f3n emocional ante situaciones de crisis<\/p>\n\n\n\n<p><strong>INACAP SEDE ARICA<\/strong><br>Comunicaci\u00f3n en el aula del siglo XXI<\/p>\n\n\n\n<p><strong>ALMATRIZ DOULAS<\/strong><br>Faclitaci\u00f3n mediante Caf\u00e9 del Mundo<\/p>\n\n\n\n<p><strong>BANCOESTADO MICROEMPRESAS<\/strong> (Equipos Admisnitrativos)<br>Taller: Fortaleciendo las confianzas y las comunicaciones al interior del equipo<\/p>\n\n\n\n<p><strong>BANCOESTADO MICROEMPRESAS<\/strong> (Equipos administrativos)<br>Taller: Valores que nos mueven<\/p>\n\n\n\n<p><strong>FISCAL\u00cdA REGIONAL DE O&#8217;HIGGINS<\/strong><br>Autocuidado y cuidado de equipos<\/p>\n\n\n\n<p><strong>FISCAL\u00cdA REGIONAL DE O&#8217;HIGGINS<\/strong><br>Fiscal\u00eda Local de San Fernando: Trabajo en equipo: Uno para todos y todos para uno<\/p>\n\n\n\n<p><strong>FISCAL\u00cdA REGIONAL DE O&#8217;HIGGINS<\/strong><br>Manejo emocional para la atenci\u00f3n de usuarios dif\u00edciles<\/p>\n\n\n\n<p><strong>FISCAL\u00cdA NACIONAL<\/strong><br>Taller Comunicaci\u00f3n y Conflicto<\/p>\n\n\n\n<p><strong>FISCAL\u00cdA REGIONAL REGI\u00d3N DEL MAULE<\/strong><br>Taller: Comunicaci\u00f3n, conflicto y autocuidado para el ejercicio del liderazgo<\/p>\n\n\n\n<p><strong>BANCOESTADO MICROEMPRESAS<\/strong><br>Talleres: Creando nuevas din\u00e1micas de equipo y bienestar. Equipos Casa Matriz<\/p>\n\n\n\n<h3 class=\"wp-block-heading\"><strong>2024<\/strong><\/h3>\n\n\n\n<p><strong>BANCOESTADO MICROEMPRESAS<\/strong><br>Taller Juntos hacia el futuro (varios equipos)<\/p>\n\n\n\n<p><strong>INACAP SEDE LA SERENA<\/strong><br>Taller: Buen Trato<\/p>\n\n\n\n<p><strong>BANCOESTADO MICROEMPRESAS<\/strong><br>Ciclo de talleres para la reconstrucci\u00f3n de equipo tras situaci\u00f3n compleja de conflicto<\/p>\n\n\n\n<h3 class=\"wp-block-heading\"><strong>2023<\/strong><\/h3>\n\n\n\n<p><strong>FISCAL\u00cdA METROPOLITANA OCCIDENTE<\/strong><br>&#8220;Uno para todos y todos para uno&#8221;: <span style=\"font-weight: 400\">Generando integraci\u00f3n desde la pertenencia, la cadena de valor y construcci\u00f3n de un solo equipo en torno a la visi\u00f3n y el prop\u00f3sito compartido<\/span><\/p>\n\n\n\n<p><strong>FISCAL\u00cdA METROPOLITANA OCCIDENTE<\/strong><br>Decantando la experiencia y potenciando el desarrollo emocional<\/p>\n\n\n\n<p><strong>FISCAL\u00cdA METROPOLITANA OCCIDENTE<br><\/strong>Atenci\u00f3n de Usuarios Complejos<\/p>\n\n\n\n<h3 class=\"wp-block-heading\"><strong>2022<\/strong><\/h3>\n\n\n\n<p><strong>UNIVERSIDAD NACIONAL ANDR\u00c9S BELLO<br><\/strong>Asesor\u00eda en salud mental y bienestar Direcci\u00f3n de Desarrollo Estudiantil<\/p>\n\n\n\n<p><strong>BANCOESTADO MICROEMPRESAS<\/strong><br>Taller: Juntos hacia el futuro<\/p>\n\n\n\n<p><b>FISCALIA METROPOLITANA SUR<br><\/b>Programa de Autocuidado y Prevenci\u00f3n de Riesgos Psicosociales<\/p>\n\n\n\n<p><strong>FISCAL\u00cdA METROPOLITANA OCCIDENTE<br><\/strong>Taller Prop\u00f3sito y Autocuidado I y II<\/p>\n\n\n\n<p><strong>FISCAL\u00cdA METROPOLITANA CENTRO NORTE<\/strong><br>Taller: Reencuentro con nuestro quehacer. Prop\u00f3sito y<br>Autocuidado equipo Atenci\u00f3n a P\u00fablico<\/p>\n\n\n\n<p><strong>BANCOESTADO MICROEMPRESAS<\/strong><br>Taller: Habilidades parala Resoluci\u00f3n de conflictos I y II<\/p>\n\n\n\n<h3 class=\"wp-block-heading\"><strong>2021<\/strong><\/h3>\n\n\n\n<p><strong>FISCAL\u00cdA METROPOLITANA OCCIDENTE<br><\/strong>Acompa\u00f1amiento individual para el liderazgo en tiempos de COVID-19<\/p>\n\n\n\n<h3 class=\"wp-block-heading\"><strong>2019<\/strong><\/h3>\n\n\n\n<p><strong>BANCOESTADO MICROEMPRESAS<br><\/strong>Taller: Salud Mental en tiempos dif\u00edciles: impacto, estrategias de<br>autocuidado y protocolos de acci\u00f3n (Macrozona Norte y Macrozona<br>Sur).<\/p>\n\n\n\n<p><strong>UNIVERSIDAD NACIONAL ANDR\u00c9S BELLO<\/strong><br>Taller System Thinking para estudiantes (2019, 2020, 2021, 2022)<\/p>\n\n\n\n<p><strong>FISCALIA METROPOLITANA OCCIDENTE<\/strong><br>\u00bfC\u00f3mo enfrentar los nuevos escenarios y no colapsar en el intento?<\/p>\n\n\n\n<p><strong>PARIRNOS<\/strong><br>Taller Prop\u00f3sito Organizacional<\/p>\n\n\n\n<p><strong>UNIVERSIDAD ANDR\u00c9S BELLO<\/strong><br>Curso: Comunicaci\u00f3n efectiva para equipos de salud<\/p>\n\n\n\n<p><strong>FISCALIA METROPOLITANA OCCIDENTE<\/strong><br>Acompa\u00f1amiento individual para el liderazgo<\/p>\n\n\n\n<p><strong>FISCAL\u00cdA METROPOLITANA SUR<\/strong><br>Equilibrio Vida personal-trabajo. Doble presencia<br>en tiempos de pandemia (taller online)<\/p>\n\n\n\n<h3 class=\"wp-block-heading\"><strong>2018<\/strong><\/h3>\n\n\n\n<p><strong>FISCAL\u00cdA METROPOLITANA SUR<\/strong><br>Taller Gesti\u00f3n Emocional y Autocuidado<\/p>\n\n\n\n<p><strong>FISCAL\u00cdA METROPOLITANA SUR<\/strong><br>Taller Exigencias Psicol\u00f3gicas en el trabajo<\/p>\n\n\n\n<p><strong><span style=\"font-size: 20px\">LICEO CARDENAL CARO (BUIN)<br><\/span><\/strong><span style=\"font-size: 20px\">Facilitadora Taller &#8220;Atenci\u00f3n a la Comunidad&#8221; <\/span><\/p>\n\n\n\n<p><strong><span style=\"font-size: 20px\">MULTIMEDICAL<br><\/span><\/strong><span style=\"font-size: 20px\">Levantamiento de informaci\u00f3n de Clima Laboral,<br><\/span><span style=\"font-size: 20px\">mediante Focus Group y <\/span><span style=\"font-size: 20px\">entrevistas individuales.<\/span><\/p>\n\n\n\n<p><strong><span style=\"font-size: 20px\">FISCAL\u00cdA METROPOLITANA SUR<br><\/span><\/strong><span style=\"font-size: 20px\">Taller Desarrollo Personal para el Autocuidado<\/span><\/p>\n\n\n\n<p><strong><span style=\"font-size: 20px\">FISCAL\u00cdA METROPOLITANA SUR<br><\/span><\/strong><span style=\"font-size: 20px\">Taller Fomento del equilibrio Trabajo-Vida Personal,<br><\/span><span style=\"font-size: 20px\"><em>\u00bfC\u00f3mo evitar la Doble Presencia?<\/em><\/span><\/p>\n\n\n\n<p><span style=\"font-size: 20px\"><strong>DHL<\/strong><br><\/span><span style=\"font-size: 20px\">Taller de integraci\u00f3n y comunicaciones<\/span><\/p>\n\n\n\n<p><strong><span style=\"font-size: 20px\">BANCOESTADO MICROEMPRESAS<br><\/span><\/strong><span style=\"font-size: 20px\">Asesor\u00edas individuales a todos los gerentes<br>y subgerentes <\/span><span style=\"font-size: 20px\">de la organizaci\u00f3n<\/span><\/p>\n\n\n\n<p><strong><span style=\"font-size: 20px\">BANCOESTADO MICROEMPRESAS<br><\/span><\/strong><span style=\"font-size: 20px\">Proceso de acompa\u00f1amiento para el fortalecimiento<br><\/span><span style=\"font-size: 20px\">de liderazgos<\/span><\/p>\n\n\n\n<p><span style=\"font-size: 20px\"><strong>FISCAL\u00cdA METROPOLITANA OCCIDENTE<br><\/strong><\/span><span style=\"font-size: 20px\">Facilitadora taller Autocuidado para equipo URAVIT<\/span><\/p>\n\n\n\n<p><strong><span style=\"font-size: 20px\">FISCAL\u00cdA METROPOLITANA SUR<br><\/span><\/strong><span style=\"font-size: 20px\">Facilitadora taller Autocuidado para equipo URAVIT<\/span><\/p>\n\n\n\n<p><strong><span style=\"font-size: 20px\">FUNDACI\u00d3N LAS ROSAS<br><\/span><\/strong><span style=\"font-size: 20px\">Proceso de acompa\u00f1amiento para el fortalecimiento<br><\/span><span style=\"font-size: 20px\">de <\/span><span style=\"font-size: 20px\">liderazgos<\/span><\/p>\n\n\n\n<p><strong><span style=\"font-size: 20px\">BANCOESTADO MICROEMPRESAS<br><\/span><\/strong><span style=\"font-size: 20px\">Facilitadora taller Sensibilizaci\u00f3n de protocolos<br><\/span><span style=\"font-size: 20px\">de acci\u00f3n para equipos<\/span><\/p>\n\n\n\n<p><strong><span style=\"font-size: 20px\">BANCOESTADO MICROEMPRESAS<br><\/span><\/strong><span style=\"font-size: 20px\">Facilitadora taller Asertividad y resoluci\u00f3n de conflictos para <\/span><span style=\"font-size: 20px\">jefaturas<\/span><\/p>\n\n\n\n<p><strong><span style=\"font-size: 20px\">BANCOESTADO MICROEMPRESAS<br><\/span><\/strong><span style=\"font-size: 20px\">Facilitaci\u00f3n Taller &#8220;Seguimiento de Aprendizajes&#8221;<\/span><\/p>\n\n\n\n<p><strong><span style=\"font-size: 20px\">UNIVERSIDAD NACIONAL ANDR\u00c9S BELLO<br><\/span><\/strong><span style=\"font-size: 20px\">Facilitaci\u00f3n taller &#8220;definiendo lineamientos&#8221; para profesores de Formaci\u00f3n General.<\/span><\/p>\n\n\n\n<p><strong><span style=\"font-size: 20px\">UNIVERSIDAD NACIONAL ANDR\u00c9S BELLO<br><\/span><\/strong><span style=\"font-size: 20px\">Facilitaci\u00f3n procesos conversacionales en Congreso de <\/span><span style=\"font-size: 20px\">Vinculaci\u00f3n con el Medio<\/span><\/p>\n\n\n\n<h3 class=\"wp-block-heading\"><strong>2017<\/strong><\/h3>\n\n\n\n<p><strong><span style=\"font-size: 20px\">INACAP<br><\/span><\/strong><span style=\"font-size: 20px\">Facilitadora taller Descubriendo la diversidad para la <\/span><span style=\"font-size: 20px\">construcci\u00f3n de equipos<\/span><\/p>\n\n\n\n<p><strong><span style=\"font-size: 20px\">FUNDACI\u00d3N ECOSCIENCE<br><\/span><\/strong><span style=\"font-size: 20px\">Elaboraci\u00f3n de perfiles de cargo.<\/span><\/p>\n\n\n\n<p><strong><span style=\"font-size: 20px\">BANCOESTADO MICROEMPRESAS<br><\/span><\/strong><span style=\"font-size: 20px\">Facilitadora de taller Fortaleciendo las confianzas y <\/span><span style=\"font-size: 20px\">las comunicaciones al<br><\/span><span style=\"font-size: 20px\">interior del equipo.<\/span><\/p>\n\n\n\n<p><span style=\"font-size: 20px\"><strong>BANCOESTADO MICROEMPRESAS<\/strong><br><\/span><span style=\"font-size: 20px\">Facilitadora de taller <\/span><span style=\"font-size: 20px\"><em>Generando conversaciones poderosas<\/em>, en diversas<br><\/span><span style=\"font-size: 20px\">regiones del pa\u00eds.<\/span><\/p>\n\n\n\n<h3 class=\"wp-block-heading\"><strong>2016<\/strong><\/h3>\n\n\n\n<p><span style=\"font-size: 20px\"><strong>CORPGROUP Y CORPARTES<\/strong><br><\/span><span style=\"font-size: 20px\">Relatora capacitaci\u00f3n <\/span><span style=\"font-size: 20px\"><em>Atenci\u00f3n al cliente y comunicaci\u00f3n<\/em> para equipo de<br><\/span><span style=\"font-size: 20px\">Jefaturas y Personal en contacto.<\/span><\/p>\n\n\n\n<h3 class=\"wp-block-heading\"><strong>2015<\/strong><\/h3>\n\n\n\n<p><span style=\"font-size: 20px\"><strong>SODIMAC<\/strong><br><\/span><span style=\"font-size: 20px\">Facilitadora en taller Acompa\u00f1amiento y <\/span><span style=\"font-size: 20px\">Fortalecimiento de habilidades,<br><\/span><span style=\"font-size: 20px\">para equipos de Gerencias <\/span><span style=\"font-size: 20px\">de tienda a nivel nacional, con el fin de entregar<br><\/span><span style=\"font-size: 20px\">herramientas <\/span><span style=\"font-size: 20px\">para proteger el clima laboral.<\/span><\/p>\n\n\n\n<p><span style=\"font-size: 20px\"><strong>ATTON HOTELES<\/strong><br><\/span><span style=\"font-size: 20px\">Relatora del curso Liderazgo Positivo<\/span><\/p>\n\n\n\n<p><span style=\"font-size: 20px\"><strong>ATTON HOTELES<\/strong><br><\/span><span style=\"font-size: 20px\">Relatora del curso: Estrategias para el <\/span><span style=\"font-size: 20px\">Desarrollo de proyectos de intervenci\u00f3n<br><\/span><span style=\"font-size: 20px\">con foco en el <\/span><span style=\"font-size: 20px\">engagement de los colaboradores.<\/span><\/p>\n\n\n\n<p><span style=\"font-size: 20px\"><strong>BANCOESTADO MICROEMPRESAS<\/strong><br><\/span><span style=\"font-size: 20px\">Facilitadora taller para <\/span><span style=\"font-size: 20px\">jefaturas Construcci\u00f3n de confianzas y comunicaciones.<\/span><\/p>\n\n\n\n<p><span style=\"font-size: 20px\"><strong>BANCOESTADO MICROEMPRESAS<br><\/strong><\/span><span style=\"font-size: 20px\">Facilitadora taller de abordaje <\/span><span style=\"font-size: 20px\">de la dimensi\u00f3n Exigencias Psicol\u00f3gicas post<br><\/span><span style=\"font-size: 20px\">Evaluaci\u00f3n Suseso Istas 21.<\/span><\/p>\n\n\n\n<h3 class=\"wp-block-heading\"><strong>2014<\/strong><\/h3>\n\n\n\n<p><span style=\"font-size: 20px\"><strong>ACHS<br><\/strong><\/span><span style=\"font-size: 20px\">Taller Jornada subgerencia Grandes Clientes.<br><\/span><em><span style=\"font-size: 20px\">Construcci\u00f3n de equipo basado en las confianzas. <\/span><\/em><\/p>\n","protected":false},"excerpt":{"rendered":"<p>2025 INACAP SANTIAGO SURContenci\u00f3n emocional ante situaciones de crisis INACAP SEDE ARICAComunicaci\u00f3n en el aula del siglo XXI ALMATRIZ DOULASFaclitaci\u00f3n mediante Caf\u00e9 del Mundo BANCOESTADO MICROEMPRESAS (Equipos Admisnitrativos)Taller: Fortaleciendo las confianzas y las comunicaciones al interior del equipo BANCOESTADO MICROEMPRESAS (Equipos administrativos)Taller: Valores que nos mueven FISCAL\u00cdA REGIONAL DE O&#8217;HIGGINSAutocuidado y cuidado de equipos FISCAL\u00cdA [&hellip;]<\/p>\n","protected":false},"author":1,"featured_media":0,"parent":0,"menu_order":0,"comment_status":"closed","ping_status":"closed","template":"","meta":{"footnotes":""},"class_list":["post-951","page","type-page","status-publish","hentry"],"yoast_head":"<!-- This site is optimized with the Yoast SEO plugin v14.0.4 - https:\/\/yoast.com\/wordpress\/plugins\/seo\/ -->\n<title>Consultor\u00eda Organizacional - Pilar Zurita<\/title>\n<meta name=\"robots\" content=\"index, follow\" \/>\n<meta name=\"googlebot\" content=\"index, follow, max-snippet:-1, max-image-preview:large, max-video-preview:-1\" \/>\n<meta name=\"bingbot\" content=\"index, follow, max-snippet:-1, max-image-preview:large, max-video-preview:-1\" \/>\n<link rel=\"canonical\" href=\"https:\/\/pilarzurita.cl\/?page_id=951\" \/>\n<meta property=\"og:locale\" content=\"es_ES\" \/>\n<meta property=\"og:type\" content=\"article\" \/>\n<meta property=\"og:title\" content=\"Consultor\u00eda Organizacional - Pilar Zurita\" \/>\n<meta property=\"og:description\" content=\"2025 INACAP SANTIAGO SURContenci\u00f3n emocional ante situaciones de crisis INACAP SEDE ARICAComunicaci\u00f3n en el aula del siglo XXI ALMATRIZ DOULASFaclitaci\u00f3n mediante Caf\u00e9 del Mundo BANCOESTADO MICROEMPRESAS (Equipos Admisnitrativos)Taller: Fortaleciendo las confianzas y las comunicaciones al interior del equipo BANCOESTADO MICROEMPRESAS (Equipos administrativos)Taller: Valores que nos mueven FISCAL\u00cdA REGIONAL DE O&#8217;HIGGINSAutocuidado y cuidado de equipos FISCAL\u00cdA [&hellip;]\" \/>\n<meta property=\"og:url\" content=\"https:\/\/pilarzurita.cl\/?page_id=951\" \/>\n<meta property=\"og:site_name\" content=\"Pilar Zurita\" \/>\n<meta property=\"article:modified_time\" content=\"2026-02-23T18:29:14+00:00\" \/>\n<meta property=\"og:image\" content=\"https:\/\/pilarzurita.cl\/wp-content\/uploads\/2025\/01\/beme-2025-casa-matriz.jpg?w=750\" \/>\n<meta name=\"twitter:card\" content=\"summary_large_image\" \/>\n<script type=\"application\/ld+json\" class=\"yoast-schema-graph\">{\"@context\":\"https:\/\/schema.org\",\"@graph\":[{\"@type\":\"WebSite\",\"@id\":\"https:\/\/pilarzurita.cl\/#website\",\"url\":\"https:\/\/pilarzurita.cl\/\",\"name\":\"Pilar Zurita\",\"description\":\"Asesor\\u00eda y Consultor\\u00eda en Bienestar\",\"potentialAction\":[{\"@type\":\"SearchAction\",\"target\":\"https:\/\/pilarzurita.cl\/?s={search_term_string}\",\"query-input\":\"required name=search_term_string\"}],\"inLanguage\":\"es\"},{\"@type\":\"ImageObject\",\"@id\":\"https:\/\/pilarzurita.cl\/?page_id=951#primaryimage\",\"inLanguage\":\"es\",\"url\":\"https:\/\/pilarzurita.cl\/wp-content\/uploads\/2025\/01\/beme-2025-casa-matriz.jpg?w=750\"},{\"@type\":\"WebPage\",\"@id\":\"https:\/\/pilarzurita.cl\/?page_id=951#webpage\",\"url\":\"https:\/\/pilarzurita.cl\/?page_id=951\",\"name\":\"Consultor\\u00eda Organizacional - Pilar Zurita\",\"isPartOf\":{\"@id\":\"https:\/\/pilarzurita.cl\/#website\"},\"primaryImageOfPage\":{\"@id\":\"https:\/\/pilarzurita.cl\/?page_id=951#primaryimage\"},\"datePublished\":\"2020-02-29T14:51:16+00:00\",\"dateModified\":\"2026-02-23T18:29:14+00:00\",\"inLanguage\":\"es\",\"potentialAction\":[{\"@type\":\"ReadAction\",\"target\":[\"https:\/\/pilarzurita.cl\/?page_id=951\"]}]}]}<\/script>\n<!-- \/ Yoast SEO plugin. -->","_links":{"self":[{"href":"https:\/\/pilarzurita.cl\/index.php?rest_route=\/wp\/v2\/pages\/951","targetHints":{"allow":["GET"]}}],"collection":[{"href":"https:\/\/pilarzurita.cl\/index.php?rest_route=\/wp\/v2\/pages"}],"about":[{"href":"https:\/\/pilarzurita.cl\/index.php?rest_route=\/wp\/v2\/types\/page"}],"author":[{"embeddable":true,"href":"https:\/\/pilarzurita.cl\/index.php?rest_route=\/wp\/v2\/users\/1"}],"replies":[{"embeddable":true,"href":"https:\/\/pilarzurita.cl\/index.php?rest_route=%2Fwp%2Fv2%2Fcomments&post=951"}],"version-history":[{"count":5,"href":"https:\/\/pilarzurita.cl\/index.php?rest_route=\/wp\/v2\/pages\/951\/revisions"}],"predecessor-version":[{"id":2802,"href":"https:\/\/pilarzurita.cl\/index.php?rest_route=\/wp\/v2\/pages\/951\/revisions\/2802"}],"wp:attachment":[{"href":"https:\/\/pilarzurita.cl\/index.php?rest_route=%2Fwp%2Fv2%2Fmedia&parent=951"}],"curies":[{"name":"wp","href":"https:\/\/api.w.org\/{rel}","templated":true}]}}